{"id":74096,"date":"2024-07-03T06:03:52","date_gmt":"2024-07-03T06:03:52","guid":{"rendered":"https:\/\/www.cwt-tatws.co.uk\/product\/uncategorized\/plat-codlysiau\/"},"modified":"2024-07-03T18:22:00","modified_gmt":"2024-07-03T18:22:00","slug":"plat-codlysiau","status":"publish","type":"product","link":"https:\/\/www.cwt-tatws.co.uk\/cy\/cynnyrch\/ir-cartref\/cegin-a-gwledda\/ir-bwrdd-bwyd\/plat-codlysiau\/","title":{"rendered":"Pl\u00e2t Codlysiau"},"content":{"rendered":"","protected":false},"excerpt":{"rendered":"<p>Pl\u00e2t serameg wedi&#8217;i baentio \u00e2 llaw yn yr\u00a0 Eidal. Mae&#8217;r pl\u00e2t hwn yn cynnwys dyluniad codlysiau hyfryd sy&#8217;n dod \u00e2 theimlad cefn gwlad i&#8217;ch bwrdd.<\/p>\n<p><strong>Maint<\/strong> D 25 cm<\/p>\n<p>Golchi \u00e2 ll\u00e2w yn unig, ddim yn addas ar gyfer y meicrodon.<\/p>\n","protected":false},"featured_media":74093,"comment_status":"closed","ping_status":"closed","template":"","meta":[],"product_brand":[],"product_cat":[362,260,25,694],"product_tag":[],"class_list":{"0":"post-74096","1":"product","2":"type-product","3":"status-publish","4":"has-post-thumbnail","6":"product_cat-cegin-a-gwledda","7":"product_cat-ir-bwrdd-bwyd","8":"product_cat-ir-cartref","9":"product_cat-pasg-2025","12":"instock","13":"shipping-taxable","14":"purchasable","15":"product-type-simple","16":"product-grid-view"},"_links":{"self":[{"href":"https:\/\/www.cwt-tatws.co.uk\/cy\/wp-json\/wp\/v2\/product\/74096","targetHints":{"allow":["GET"]}}],"collection":[{"href":"https:\/\/www.cwt-tatws.co.uk\/cy\/wp-json\/wp\/v2\/product"}],"about":[{"href":"https:\/\/www.cwt-tatws.co.uk\/cy\/wp-json\/wp\/v2\/types\/product"}],"replies":[{"embeddable":true,"href":"https:\/\/www.cwt-tatws.co.uk\/cy\/wp-json\/wp\/v2\/comments?post=74096"}],"wp:featuredmedia":[{"embeddable":true,"href":"https:\/\/www.cwt-tatws.co.uk\/cy\/wp-json\/wp\/v2\/media\/74093"}],"wp:attachment":[{"href":"https:\/\/www.cwt-tatws.co.uk\/cy\/wp-json\/wp\/v2\/media?parent=74096"}],"wp:term":[{"taxonomy":"product_brand","embeddable":true,"href":"https:\/\/www.cwt-tatws.co.uk\/cy\/wp-json\/wp\/v2\/product_brand?post=74096"},{"taxonomy":"product_cat","embeddable":true,"href":"https:\/\/www.cwt-tatws.co.uk\/cy\/wp-json\/wp\/v2\/product_cat?post=74096"},{"taxonomy":"product_tag","embeddable":true,"href":"https:\/\/www.cwt-tatws.co.uk\/cy\/wp-json\/wp\/v2\/product_tag?post=74096"}],"curies":[{"name":"wp","href":"https:\/\/api.w.org\/{rel}","templated":true}]}}