{"id":84014,"date":"2025-03-20T08:30:44","date_gmt":"2025-03-20T08:30:44","guid":{"rendered":"https:\/\/www.cwt-tatws.co.uk\/product\/uncategorized\/cot-noho-annette-gortz\/"},"modified":"2025-03-20T08:32:11","modified_gmt":"2025-03-20T08:32:11","slug":"cot-noho-annette-gortz","status":"publish","type":"product","link":"https:\/\/www.cwt-tatws.co.uk\/cy\/cynnyrch\/merched\/casgliad-dylunydd\/annette-gortz-cy\/cot-noho-annette-gortz\/","title":{"rendered":"C\u00f4t Noho Annette G\u00f6rtz"},"content":{"rendered":"","protected":false},"excerpt":{"rendered":"<p>C\u00f4t drawiadol Annette G\u00f6rtz.   <\/p>\n<p><strong>Defnydd<\/strong> 53% Cotton, 47% Acetate | Lining 65% Polyester, 35% Cotton | 100% Viscose<\/p>\n","protected":false},"featured_media":84008,"comment_status":"closed","ping_status":"closed","template":"","meta":[],"product_brand":[],"product_cat":[584,305],"product_tag":[],"class_list":{"0":"post-84014","1":"product","2":"type-product","3":"status-publish","4":"has-post-thumbnail","6":"product_cat-annette-gortz-cy","7":"product_cat-sel-ddillad","10":"instock","11":"sale","12":"shipping-taxable","13":"purchasable","14":"product-type-variable","15":"product-grid-view"},"_links":{"self":[{"href":"https:\/\/www.cwt-tatws.co.uk\/cy\/wp-json\/wp\/v2\/product\/84014","targetHints":{"allow":["GET"]}}],"collection":[{"href":"https:\/\/www.cwt-tatws.co.uk\/cy\/wp-json\/wp\/v2\/product"}],"about":[{"href":"https:\/\/www.cwt-tatws.co.uk\/cy\/wp-json\/wp\/v2\/types\/product"}],"replies":[{"embeddable":true,"href":"https:\/\/www.cwt-tatws.co.uk\/cy\/wp-json\/wp\/v2\/comments?post=84014"}],"wp:featuredmedia":[{"embeddable":true,"href":"https:\/\/www.cwt-tatws.co.uk\/cy\/wp-json\/wp\/v2\/media\/84008"}],"wp:attachment":[{"href":"https:\/\/www.cwt-tatws.co.uk\/cy\/wp-json\/wp\/v2\/media?parent=84014"}],"wp:term":[{"taxonomy":"product_brand","embeddable":true,"href":"https:\/\/www.cwt-tatws.co.uk\/cy\/wp-json\/wp\/v2\/product_brand?post=84014"},{"taxonomy":"product_cat","embeddable":true,"href":"https:\/\/www.cwt-tatws.co.uk\/cy\/wp-json\/wp\/v2\/product_cat?post=84014"},{"taxonomy":"product_tag","embeddable":true,"href":"https:\/\/www.cwt-tatws.co.uk\/cy\/wp-json\/wp\/v2\/product_tag?post=84014"}],"curies":[{"name":"wp","href":"https:\/\/api.w.org\/{rel}","templated":true}]}}