{"id":84439,"date":"2024-07-15T23:05:30","date_gmt":"2024-07-15T23:05:30","guid":{"rendered":"https:\/\/www.cwt-tatws.co.uk\/product\/uncategorized\/bag-ffon-campomaggi-4\/"},"modified":"2025-03-24T15:04:26","modified_gmt":"2025-03-24T15:04:26","slug":"bag-ffon-campomaggi-4","status":"publish","type":"product","link":"https:\/\/www.cwt-tatws.co.uk\/cy\/cynnyrch\/merched\/cyfwisgoedd\/bagiau\/bag-ffon-campomaggi-4\/","title":{"rendered":"Bag Ff\u00f4n Campomaggi"},"content":{"rendered":"","protected":false},"excerpt":{"rendered":"<p>Bag ff\u00f4n lledr Campomaggi. Maint perffaith i ddal ff\u00f4n, cardiau a hanfodion.<\/p>\n<p><span class=\"font-weight-bold\"><strong>Maint<\/strong> <\/span>11 x 0.5 x 18 cm<\/p>\n<p><span class=\"font-weight-bold\"><strong>Defnydd<\/strong> <\/span>100% Lledr<\/p>\n<p>Wedi eu gwneud yn yr Eidal.<\/p>\n","protected":false},"featured_media":74363,"comment_status":"closed","ping_status":"closed","template":"","meta":[],"product_brand":[],"product_cat":[41,575,114,305],"product_tag":[],"class_list":{"0":"post-84439","1":"product","2":"type-product","3":"status-publish","4":"has-post-thumbnail","6":"product_cat-bagiau","7":"product_cat-i-ferched","8":"product_cat-pyrsiau","9":"product_cat-sel-ddillad","12":"instock","13":"sale","14":"shipping-taxable","15":"purchasable","16":"product-type-simple","17":"product-grid-view"},"_links":{"self":[{"href":"https:\/\/www.cwt-tatws.co.uk\/cy\/wp-json\/wp\/v2\/product\/84439","targetHints":{"allow":["GET"]}}],"collection":[{"href":"https:\/\/www.cwt-tatws.co.uk\/cy\/wp-json\/wp\/v2\/product"}],"about":[{"href":"https:\/\/www.cwt-tatws.co.uk\/cy\/wp-json\/wp\/v2\/types\/product"}],"replies":[{"embeddable":true,"href":"https:\/\/www.cwt-tatws.co.uk\/cy\/wp-json\/wp\/v2\/comments?post=84439"}],"wp:featuredmedia":[{"embeddable":true,"href":"https:\/\/www.cwt-tatws.co.uk\/cy\/wp-json\/wp\/v2\/media\/74363"}],"wp:attachment":[{"href":"https:\/\/www.cwt-tatws.co.uk\/cy\/wp-json\/wp\/v2\/media?parent=84439"}],"wp:term":[{"taxonomy":"product_brand","embeddable":true,"href":"https:\/\/www.cwt-tatws.co.uk\/cy\/wp-json\/wp\/v2\/product_brand?post=84439"},{"taxonomy":"product_cat","embeddable":true,"href":"https:\/\/www.cwt-tatws.co.uk\/cy\/wp-json\/wp\/v2\/product_cat?post=84439"},{"taxonomy":"product_tag","embeddable":true,"href":"https:\/\/www.cwt-tatws.co.uk\/cy\/wp-json\/wp\/v2\/product_tag?post=84439"}],"curies":[{"name":"wp","href":"https:\/\/api.w.org\/{rel}","templated":true}]}}