{"id":85927,"date":"2025-01-31T11:36:26","date_gmt":"2025-04-09T14:02:33","guid":{"rendered":"https:\/\/www.cwt-tatws.co.uk\/product\/uncategorized\/fas-terracotta\/"},"modified":"2025-04-09T14:02:33","modified_gmt":"2025-04-09T14:02:33","slug":"fas-terracotta","status":"publish","type":"product","link":"https:\/\/www.cwt-tatws.co.uk\/cy\/cynnyrch\/ir-cartref\/addurnor-cartef\/fasus_a_phowlenni\/fas-terracotta\/","title":{"rendered":"F\u00e2s Terracotta"},"content":{"rendered":"","protected":false},"excerpt":{"rendered":"<p>F\u00e2s terracotta wedi&#8217;i phaentio \u00e2 llaw<\/p>\n<p><strong>Defnydd<\/strong> Terracotta<\/p>\n<div class=\"product__info-line\"><strong>Maint<\/strong> D8.5 x 9.5 cm<\/div>\n<div>Gall eitemau wedi\u2019u paentio \u00e2 llaw amrywio o ran lliwiau a phatrwm.<\/p>\n<p><\/div>\n","protected":false},"featured_media":80888,"comment_status":"closed","ping_status":"closed","template":"","meta":[],"product_brand":[],"product_cat":[223,212,25,559],"product_tag":[],"class_list":{"0":"post-85927","1":"product","2":"type-product","3":"status-publish","4":"has-post-thumbnail","6":"product_cat-addurnor-cartef","7":"product_cat-fasus_a_phowlenni","8":"product_cat-ir-cartref","9":"product_cat-newydd","12":"instock","13":"shipping-taxable","14":"purchasable","15":"product-type-simple","16":"product-grid-view"},"_links":{"self":[{"href":"https:\/\/www.cwt-tatws.co.uk\/cy\/wp-json\/wp\/v2\/product\/85927","targetHints":{"allow":["GET"]}}],"collection":[{"href":"https:\/\/www.cwt-tatws.co.uk\/cy\/wp-json\/wp\/v2\/product"}],"about":[{"href":"https:\/\/www.cwt-tatws.co.uk\/cy\/wp-json\/wp\/v2\/types\/product"}],"replies":[{"embeddable":true,"href":"https:\/\/www.cwt-tatws.co.uk\/cy\/wp-json\/wp\/v2\/comments?post=85927"}],"wp:featuredmedia":[{"embeddable":true,"href":"https:\/\/www.cwt-tatws.co.uk\/cy\/wp-json\/wp\/v2\/media\/80888"}],"wp:attachment":[{"href":"https:\/\/www.cwt-tatws.co.uk\/cy\/wp-json\/wp\/v2\/media?parent=85927"}],"wp:term":[{"taxonomy":"product_brand","embeddable":true,"href":"https:\/\/www.cwt-tatws.co.uk\/cy\/wp-json\/wp\/v2\/product_brand?post=85927"},{"taxonomy":"product_cat","embeddable":true,"href":"https:\/\/www.cwt-tatws.co.uk\/cy\/wp-json\/wp\/v2\/product_cat?post=85927"},{"taxonomy":"product_tag","embeddable":true,"href":"https:\/\/www.cwt-tatws.co.uk\/cy\/wp-json\/wp\/v2\/product_tag?post=85927"}],"curies":[{"name":"wp","href":"https:\/\/api.w.org\/{rel}","templated":true}]}}