{"id":85946,"date":"2025-01-28T21:00:58","date_gmt":"2025-01-28T21:00:58","guid":{"rendered":"https:\/\/www.cwt-tatws.co.uk\/product\/uncategorized\/jins-amal-denim\/"},"modified":"2025-04-09T14:37:51","modified_gmt":"2025-04-09T14:37:51","slug":"jins-amal-denim","status":"publish","type":"product","link":"https:\/\/www.cwt-tatws.co.uk\/cy\/cynnyrch\/merched\/trowsus-a-jins\/jins-amal-denim\/","title":{"rendered":"J\u00eens Amal | Denim"},"content":{"rendered":"","protected":false},"excerpt":{"rendered":"<p>J\u00eens main \u00e2 gwasg uchel, wedi\u2019u cynllunio i siapio\u2019r ffigwr yn berffaith. Gyda coesau cul, gwniadur dwbl yn y cefn, a hem agored gyda thaseli am arddull ymlaciedig.  <\/p>\n<p><strong>Defnydd<\/strong> 86% Cotton, 10% Polyester, 4% Elastane<\/p>\n<p>Defnydd denim elastig, wedi&#8217;i wneud \u00e2 chotwm wedi&#8217;i ailgylchu.<\/p>\n","protected":false},"featured_media":80732,"comment_status":"closed","ping_status":"closed","template":"","meta":[],"product_brand":[],"product_cat":[24,289],"product_tag":[],"class_list":{"0":"post-85946","1":"product","2":"type-product","3":"status-publish","4":"has-post-thumbnail","6":"product_cat-merched","7":"product_cat-trowsus-a-jins","10":"instock","11":"shipping-taxable","12":"purchasable","13":"product-type-variable","14":"product-grid-view"},"_links":{"self":[{"href":"https:\/\/www.cwt-tatws.co.uk\/cy\/wp-json\/wp\/v2\/product\/85946","targetHints":{"allow":["GET"]}}],"collection":[{"href":"https:\/\/www.cwt-tatws.co.uk\/cy\/wp-json\/wp\/v2\/product"}],"about":[{"href":"https:\/\/www.cwt-tatws.co.uk\/cy\/wp-json\/wp\/v2\/types\/product"}],"replies":[{"embeddable":true,"href":"https:\/\/www.cwt-tatws.co.uk\/cy\/wp-json\/wp\/v2\/comments?post=85946"}],"wp:featuredmedia":[{"embeddable":true,"href":"https:\/\/www.cwt-tatws.co.uk\/cy\/wp-json\/wp\/v2\/media\/80732"}],"wp:attachment":[{"href":"https:\/\/www.cwt-tatws.co.uk\/cy\/wp-json\/wp\/v2\/media?parent=85946"}],"wp:term":[{"taxonomy":"product_brand","embeddable":true,"href":"https:\/\/www.cwt-tatws.co.uk\/cy\/wp-json\/wp\/v2\/product_brand?post=85946"},{"taxonomy":"product_cat","embeddable":true,"href":"https:\/\/www.cwt-tatws.co.uk\/cy\/wp-json\/wp\/v2\/product_cat?post=85946"},{"taxonomy":"product_tag","embeddable":true,"href":"https:\/\/www.cwt-tatws.co.uk\/cy\/wp-json\/wp\/v2\/product_tag?post=85946"}],"curies":[{"name":"wp","href":"https:\/\/api.w.org\/{rel}","templated":true}]}}