{"id":87050,"date":"2025-05-06T20:21:55","date_gmt":"2025-05-12T09:26:27","guid":{"rendered":"https:\/\/www.cwt-tatws.co.uk\/product\/uncategorized\/ffram-pambani\/"},"modified":"2025-05-12T09:26:27","modified_gmt":"2025-05-12T09:26:27","slug":"ffram-pambani","status":"publish","type":"product","link":"https:\/\/www.cwt-tatws.co.uk\/cy\/cynnyrch\/ir-cartref\/addurnor-cartef\/ar-y-wal\/ffram-pambani\/","title":{"rendered":"Ffr\u00e2m Pambani"},"content":{"rendered":"","protected":false},"excerpt":{"rendered":"<p>Mae ffr\u00e2m ffotograffau Pambani yn dod \u00e2 naws draddodiadol i&#8217;ch casgliad lluniau gyda&#8217;i arlliw pres hynafol a&#8217;i ddyluniad haenog.   <\/p>\n<p>&nbsp;<\/p>\n","protected":false},"featured_media":87028,"comment_status":"closed","ping_status":"closed","template":"","meta":[],"product_brand":[],"product_cat":[34,599,125],"product_tag":[],"class_list":{"0":"post-87050","1":"product","2":"type-product","3":"status-publish","4":"has-post-thumbnail","6":"product_cat-ar-y-wal","7":"product_cat-fframiau","8":"product_cat-anrhegion-priodas","11":"instock","12":"shipping-taxable","13":"purchasable","14":"product-type-variable","15":"product-grid-view"},"_links":{"self":[{"href":"https:\/\/www.cwt-tatws.co.uk\/cy\/wp-json\/wp\/v2\/product\/87050","targetHints":{"allow":["GET"]}}],"collection":[{"href":"https:\/\/www.cwt-tatws.co.uk\/cy\/wp-json\/wp\/v2\/product"}],"about":[{"href":"https:\/\/www.cwt-tatws.co.uk\/cy\/wp-json\/wp\/v2\/types\/product"}],"replies":[{"embeddable":true,"href":"https:\/\/www.cwt-tatws.co.uk\/cy\/wp-json\/wp\/v2\/comments?post=87050"}],"wp:featuredmedia":[{"embeddable":true,"href":"https:\/\/www.cwt-tatws.co.uk\/cy\/wp-json\/wp\/v2\/media\/87028"}],"wp:attachment":[{"href":"https:\/\/www.cwt-tatws.co.uk\/cy\/wp-json\/wp\/v2\/media?parent=87050"}],"wp:term":[{"taxonomy":"product_brand","embeddable":true,"href":"https:\/\/www.cwt-tatws.co.uk\/cy\/wp-json\/wp\/v2\/product_brand?post=87050"},{"taxonomy":"product_cat","embeddable":true,"href":"https:\/\/www.cwt-tatws.co.uk\/cy\/wp-json\/wp\/v2\/product_cat?post=87050"},{"taxonomy":"product_tag","embeddable":true,"href":"https:\/\/www.cwt-tatws.co.uk\/cy\/wp-json\/wp\/v2\/product_tag?post=87050"}],"curies":[{"name":"wp","href":"https:\/\/api.w.org\/{rel}","templated":true}]}}