{"id":88092,"date":"2025-06-11T11:11:27","date_gmt":"2025-06-11T11:11:27","guid":{"rendered":"https:\/\/www.cwt-tatws.co.uk\/product\/uncategorized\/cot-gwlan-weekend-max-mara\/"},"modified":"2025-06-11T12:49:48","modified_gmt":"2025-06-11T12:49:48","slug":"cot-gwlan-weekend-max-mara","status":"publish","type":"product","link":"https:\/\/www.cwt-tatws.co.uk\/cy\/cynnyrch\/merched\/casgliad-dylunydd\/weekend-max-mara-cy\/cot-gwlan-weekend-max-mara\/","title":{"rendered":"C\u00f4t Gwl\u00e2n Weekend Max Mara"},"content":{"rendered":"","protected":false},"excerpt":{"rendered":"<p>C\u00f4t fer gyda dau fotwm a ffit bocs unigryw.<\/p>\n<ul>\n<li>C\u00f4t gwl\u00e2n wedi ei gwn\u00efo \u00e2 llaw<\/li>\n<li>Coler lapel<\/li>\n<li>Llewys byr gyda hem ar y llewys<\/li>\n<li>Cau gyda dau fotwm amlwg<\/li>\n<li>Pocedi ar y tu blaen<\/li>\n<li>Heb ei leinio<\/li>\n<\/ul>\n<p><strong>Defnydd<\/strong> 100% Virgin wool (except joining thread)<\/p>\n","protected":false},"featured_media":87980,"comment_status":"closed","ping_status":"closed","template":"","meta":[],"product_brand":[],"product_cat":[291,642,621],"product_tag":[],"class_list":{"0":"post-88092","1":"product","2":"type-product","3":"status-publish","4":"has-post-thumbnail","6":"product_cat-cotiau-a-siacedi","7":"product_cat-hydref-gaeaf-2025-26","8":"product_cat-weekend-max-mara-cy","11":"instock","12":"shipping-taxable","13":"purchasable","14":"product-type-variable","15":"product-grid-view"},"_links":{"self":[{"href":"https:\/\/www.cwt-tatws.co.uk\/cy\/wp-json\/wp\/v2\/product\/88092","targetHints":{"allow":["GET"]}}],"collection":[{"href":"https:\/\/www.cwt-tatws.co.uk\/cy\/wp-json\/wp\/v2\/product"}],"about":[{"href":"https:\/\/www.cwt-tatws.co.uk\/cy\/wp-json\/wp\/v2\/types\/product"}],"replies":[{"embeddable":true,"href":"https:\/\/www.cwt-tatws.co.uk\/cy\/wp-json\/wp\/v2\/comments?post=88092"}],"wp:featuredmedia":[{"embeddable":true,"href":"https:\/\/www.cwt-tatws.co.uk\/cy\/wp-json\/wp\/v2\/media\/87980"}],"wp:attachment":[{"href":"https:\/\/www.cwt-tatws.co.uk\/cy\/wp-json\/wp\/v2\/media?parent=88092"}],"wp:term":[{"taxonomy":"product_brand","embeddable":true,"href":"https:\/\/www.cwt-tatws.co.uk\/cy\/wp-json\/wp\/v2\/product_brand?post=88092"},{"taxonomy":"product_cat","embeddable":true,"href":"https:\/\/www.cwt-tatws.co.uk\/cy\/wp-json\/wp\/v2\/product_cat?post=88092"},{"taxonomy":"product_tag","embeddable":true,"href":"https:\/\/www.cwt-tatws.co.uk\/cy\/wp-json\/wp\/v2\/product_tag?post=88092"}],"curies":[{"name":"wp","href":"https:\/\/api.w.org\/{rel}","templated":true}]}}