{"id":89612,"date":"2025-08-04T11:06:39","date_gmt":"2025-08-04T11:06:39","guid":{"rendered":"https:\/\/www.cwt-tatws.co.uk\/product\/uncategorized\/cot-glori-annette-gortz\/"},"modified":"2025-12-26T02:12:18","modified_gmt":"2025-12-26T02:12:18","slug":"cot-glori-annette-gortz","status":"publish","type":"product","link":"https:\/\/www.cwt-tatws.co.uk\/cy\/cynnyrch\/merched\/casgliad-dylunydd\/annette-gortz-cy\/cot-glori-annette-gortz\/","title":{"rendered":"C\u00f4t Glori Annette G\u00f6rtz"},"content":{"rendered":"","protected":false},"excerpt":{"rendered":"<p>G\u00f4t glasurol. Nifer cyfyngedig ar gael.<br \/>\n\u2022 Notch lapel<br \/>\n\u2022 Side slit pockets<br \/>\n\u2022 Concealed button placket<br \/>\n\u2022 Long back vent, sleeve vents<br \/>\n\u2022 Textured jacquard with subtle colour variations<br \/>\n\u2022 Hand-painted finish<\/p>\n<p><strong>Defnydd<\/strong> 43% Polyacrylic, 26% Polyester, 17% Virgin wool, 14% Polyamide<\/p>\n","protected":false},"featured_media":89603,"comment_status":"closed","ping_status":"closed","template":"","meta":[],"product_brand":[],"product_cat":[642,584,291,305],"product_tag":[],"class_list":{"0":"post-89612","1":"product","2":"type-product","3":"status-publish","4":"has-post-thumbnail","6":"product_cat-hydref-gaeaf-2025-26","7":"product_cat-annette-gortz-cy","8":"product_cat-cotiau-a-siacedi","9":"product_cat-sel-ddillad","12":"instock","13":"sale","14":"shipping-taxable","15":"purchasable","16":"product-type-variable","17":"product-grid-view"},"_links":{"self":[{"href":"https:\/\/www.cwt-tatws.co.uk\/cy\/wp-json\/wp\/v2\/product\/89612","targetHints":{"allow":["GET"]}}],"collection":[{"href":"https:\/\/www.cwt-tatws.co.uk\/cy\/wp-json\/wp\/v2\/product"}],"about":[{"href":"https:\/\/www.cwt-tatws.co.uk\/cy\/wp-json\/wp\/v2\/types\/product"}],"replies":[{"embeddable":true,"href":"https:\/\/www.cwt-tatws.co.uk\/cy\/wp-json\/wp\/v2\/comments?post=89612"}],"wp:featuredmedia":[{"embeddable":true,"href":"https:\/\/www.cwt-tatws.co.uk\/cy\/wp-json\/wp\/v2\/media\/89603"}],"wp:attachment":[{"href":"https:\/\/www.cwt-tatws.co.uk\/cy\/wp-json\/wp\/v2\/media?parent=89612"}],"wp:term":[{"taxonomy":"product_brand","embeddable":true,"href":"https:\/\/www.cwt-tatws.co.uk\/cy\/wp-json\/wp\/v2\/product_brand?post=89612"},{"taxonomy":"product_cat","embeddable":true,"href":"https:\/\/www.cwt-tatws.co.uk\/cy\/wp-json\/wp\/v2\/product_cat?post=89612"},{"taxonomy":"product_tag","embeddable":true,"href":"https:\/\/www.cwt-tatws.co.uk\/cy\/wp-json\/wp\/v2\/product_tag?post=89612"}],"curies":[{"name":"wp","href":"https:\/\/api.w.org\/{rel}","templated":true}]}}