{"id":90184,"date":"2025-09-02T13:52:20","date_gmt":"2025-09-02T13:52:20","guid":{"rendered":"https:\/\/www.cwt-tatws.co.uk\/product\/uncategorized\/plat-buddug-calon-lan\/"},"modified":"2025-09-02T13:59:12","modified_gmt":"2025-09-02T13:59:12","slug":"plat-buddug-calon-lan","status":"publish","type":"product","link":"https:\/\/www.cwt-tatws.co.uk\/cy\/cynnyrch\/ir-cartref\/addurnor-cartef\/ar-y-wal\/plat-buddug-calon-lan\/","title":{"rendered":"Plat Buddug Calon L\u00e1n"},"content":{"rendered":"","protected":false},"excerpt":{"rendered":"<p>Pl\u00e1t casgladwy wedi ei gwneud \u00e1 llaw gan yr artist Buddug.<br \/>\nPl\u00e1t copr gyda haeanu o enamel.<br \/>\nMae bob un yn wreiddiol ac yn mynd i fod ychydig bach yn wahanol i&#8217;r llun yma.<br \/>\n&#8216;Calon L\u00e1n&#8217;.<br \/>\nMaint oddeutu 20 cm <\/p>\n","protected":false},"featured_media":90183,"comment_status":"closed","ping_status":"closed","template":"","meta":[],"product_brand":[],"product_cat":[34,355],"product_tag":[],"class_list":{"0":"post-90184","1":"product","2":"type-product","3":"status-publish","4":"has-post-thumbnail","6":"product_cat-ar-y-wal","7":"product_cat-crochenwyr-cymreig","10":"instock","11":"shipping-taxable","12":"purchasable","13":"product-type-simple","14":"product-grid-view"},"_links":{"self":[{"href":"https:\/\/www.cwt-tatws.co.uk\/cy\/wp-json\/wp\/v2\/product\/90184","targetHints":{"allow":["GET"]}}],"collection":[{"href":"https:\/\/www.cwt-tatws.co.uk\/cy\/wp-json\/wp\/v2\/product"}],"about":[{"href":"https:\/\/www.cwt-tatws.co.uk\/cy\/wp-json\/wp\/v2\/types\/product"}],"replies":[{"embeddable":true,"href":"https:\/\/www.cwt-tatws.co.uk\/cy\/wp-json\/wp\/v2\/comments?post=90184"}],"wp:featuredmedia":[{"embeddable":true,"href":"https:\/\/www.cwt-tatws.co.uk\/cy\/wp-json\/wp\/v2\/media\/90183"}],"wp:attachment":[{"href":"https:\/\/www.cwt-tatws.co.uk\/cy\/wp-json\/wp\/v2\/media?parent=90184"}],"wp:term":[{"taxonomy":"product_brand","embeddable":true,"href":"https:\/\/www.cwt-tatws.co.uk\/cy\/wp-json\/wp\/v2\/product_brand?post=90184"},{"taxonomy":"product_cat","embeddable":true,"href":"https:\/\/www.cwt-tatws.co.uk\/cy\/wp-json\/wp\/v2\/product_cat?post=90184"},{"taxonomy":"product_tag","embeddable":true,"href":"https:\/\/www.cwt-tatws.co.uk\/cy\/wp-json\/wp\/v2\/product_tag?post=90184"}],"curies":[{"name":"wp","href":"https:\/\/api.w.org\/{rel}","templated":true}]}}