{"id":90250,"date":"2025-09-03T13:13:02","date_gmt":"2025-09-03T13:13:02","guid":{"rendered":"https:\/\/www.cwt-tatws.co.uk\/product\/uncategorized\/plat-buddug-ffydd-gobaith-cariad\/"},"modified":"2025-09-03T13:25:53","modified_gmt":"2025-09-03T13:25:53","slug":"plat-buddug-ffydd-gobaith-cariad","status":"publish","type":"product","link":"https:\/\/www.cwt-tatws.co.uk\/cy\/cynnyrch\/ir-cartref\/addurnor-cartef\/ar-y-wal\/plat-buddug-ffydd-gobaith-cariad\/","title":{"rendered":"Pl\u00e1t &#8216;Ffydd Gobaith Cariad&#8217;"},"content":{"rendered":"","protected":false},"excerpt":{"rendered":"<p>Pl\u00e1t copr gyda haenau o enamel a geiriau yr emyn Calon L\u00e1n wedi eu hysgythru arni.<br \/>\nWedi ei chynllunio a\u2019i gwneud gan yr artist Buddug.<br \/>\nMaint oddeutu 10 cm.<br \/>\nMae pob un pl\u00e1t yn wreiddiol ac fe all fod ychydig bach yn wahanol i\u2019r llun yma. <\/p>\n","protected":false},"featured_media":90249,"comment_status":"closed","ping_status":"closed","template":"","meta":[],"product_brand":[],"product_cat":[34,355,125],"product_tag":[],"class_list":{"0":"post-90250","1":"product","2":"type-product","3":"status-publish","4":"has-post-thumbnail","6":"product_cat-ar-y-wal","7":"product_cat-crochenwyr-cymreig","8":"product_cat-anrhegion-priodas","11":"instock","12":"shipping-taxable","13":"purchasable","14":"product-type-simple","15":"product-grid-view"},"_links":{"self":[{"href":"https:\/\/www.cwt-tatws.co.uk\/cy\/wp-json\/wp\/v2\/product\/90250","targetHints":{"allow":["GET"]}}],"collection":[{"href":"https:\/\/www.cwt-tatws.co.uk\/cy\/wp-json\/wp\/v2\/product"}],"about":[{"href":"https:\/\/www.cwt-tatws.co.uk\/cy\/wp-json\/wp\/v2\/types\/product"}],"replies":[{"embeddable":true,"href":"https:\/\/www.cwt-tatws.co.uk\/cy\/wp-json\/wp\/v2\/comments?post=90250"}],"wp:featuredmedia":[{"embeddable":true,"href":"https:\/\/www.cwt-tatws.co.uk\/cy\/wp-json\/wp\/v2\/media\/90249"}],"wp:attachment":[{"href":"https:\/\/www.cwt-tatws.co.uk\/cy\/wp-json\/wp\/v2\/media?parent=90250"}],"wp:term":[{"taxonomy":"product_brand","embeddable":true,"href":"https:\/\/www.cwt-tatws.co.uk\/cy\/wp-json\/wp\/v2\/product_brand?post=90250"},{"taxonomy":"product_cat","embeddable":true,"href":"https:\/\/www.cwt-tatws.co.uk\/cy\/wp-json\/wp\/v2\/product_cat?post=90250"},{"taxonomy":"product_tag","embeddable":true,"href":"https:\/\/www.cwt-tatws.co.uk\/cy\/wp-json\/wp\/v2\/product_tag?post=90250"}],"curies":[{"name":"wp","href":"https:\/\/api.w.org\/{rel}","templated":true}]}}