{"id":90254,"date":"2025-09-03T13:20:15","date_gmt":"2025-09-03T13:20:15","guid":{"rendered":"https:\/\/www.cwt-tatws.co.uk\/product\/uncategorized\/plat-buddug-boed-iti-ddringo-grisiaur-ser\/"},"modified":"2025-09-03T16:25:41","modified_gmt":"2025-09-03T16:25:41","slug":"plat-buddug-boed-iti-ddringo-grisiaur-ser","status":"publish","type":"product","link":"https:\/\/www.cwt-tatws.co.uk\/cy\/cynnyrch\/ir-cartref\/addurnor-cartef\/ar-y-wal\/plat-buddug-boed-iti-ddringo-grisiaur-ser\/","title":{"rendered":"Pl\u00e1t Buddug &#8216;Boed iti&#8230;&#8217;"},"content":{"rendered":"","protected":false},"excerpt":{"rendered":"<p>Pl\u00e1t copr gyda haenau o enamel a&#8217;r geiriau &#8216;Boed iti ddringo grisiau&#8217;r s\u00e9r&#8217; wedi eu hysgythru arni.<br \/>\nWedi ei chynllunio a\u2019i gwneud gan yr artist Buddug.<br \/>\nMaint oddeutu 10 cm.<br \/>Mae pob un pl\u00e1t yn wreiddiol ac fe all fod ychydig bach yn wahanol i\u2019r llun yma. <\/p>\n","protected":false},"featured_media":90253,"comment_status":"closed","ping_status":"closed","template":"","meta":[],"product_brand":[],"product_cat":[34,355,49],"product_tag":[],"class_list":{"0":"post-90254","1":"product","2":"type-product","3":"status-publish","4":"has-post-thumbnail","6":"product_cat-ar-y-wal","7":"product_cat-crochenwyr-cymreig","8":"product_cat-i-blant-a-babis","11":"instock","12":"shipping-taxable","13":"purchasable","14":"product-type-simple","15":"product-grid-view"},"_links":{"self":[{"href":"https:\/\/www.cwt-tatws.co.uk\/cy\/wp-json\/wp\/v2\/product\/90254","targetHints":{"allow":["GET"]}}],"collection":[{"href":"https:\/\/www.cwt-tatws.co.uk\/cy\/wp-json\/wp\/v2\/product"}],"about":[{"href":"https:\/\/www.cwt-tatws.co.uk\/cy\/wp-json\/wp\/v2\/types\/product"}],"replies":[{"embeddable":true,"href":"https:\/\/www.cwt-tatws.co.uk\/cy\/wp-json\/wp\/v2\/comments?post=90254"}],"wp:featuredmedia":[{"embeddable":true,"href":"https:\/\/www.cwt-tatws.co.uk\/cy\/wp-json\/wp\/v2\/media\/90253"}],"wp:attachment":[{"href":"https:\/\/www.cwt-tatws.co.uk\/cy\/wp-json\/wp\/v2\/media?parent=90254"}],"wp:term":[{"taxonomy":"product_brand","embeddable":true,"href":"https:\/\/www.cwt-tatws.co.uk\/cy\/wp-json\/wp\/v2\/product_brand?post=90254"},{"taxonomy":"product_cat","embeddable":true,"href":"https:\/\/www.cwt-tatws.co.uk\/cy\/wp-json\/wp\/v2\/product_cat?post=90254"},{"taxonomy":"product_tag","embeddable":true,"href":"https:\/\/www.cwt-tatws.co.uk\/cy\/wp-json\/wp\/v2\/product_tag?post=90254"}],"curies":[{"name":"wp","href":"https:\/\/api.w.org\/{rel}","templated":true}]}}