{"id":92863,"date":"2025-09-16T10:32:10","date_gmt":"2025-09-16T10:32:10","guid":{"rendered":"https:\/\/www.cwt-tatws.co.uk\/product\/uncategorized\/siwmper-llyn-harissa\/"},"modified":"2025-10-07T09:42:54","modified_gmt":"2025-10-07T09:42:54","slug":"siwmper-llyn-harissa","status":"publish","type":"product","link":"https:\/\/www.cwt-tatws.co.uk\/cy\/cynnyrch\/merched\/hydref-gaeaf-2025-26\/siwmper-llyn-harissa\/","title":{"rendered":"Siwmper Ll\u0177n | Harissa"},"content":{"rendered":"","protected":false},"excerpt":{"rendered":"<p>Siwmper hyfryd wedi ei gwneud o wl\u00e2n \u0175yn Merino meddal.<br \/>\n<strong>Defnydd <\/strong>100% Gwl\u00e2n merino<\/p>\n","protected":false},"featured_media":92833,"comment_status":"closed","ping_status":"closed","template":"","meta":[],"product_brand":[],"product_cat":[642,285],"product_tag":[],"class_list":{"0":"post-92863","1":"product","2":"type-product","3":"status-publish","4":"has-post-thumbnail","6":"product_cat-hydref-gaeaf-2025-26","7":"product_cat-gweuwaith","10":"instock","11":"shipping-taxable","12":"purchasable","13":"product-type-variable","14":"product-grid-view"},"_links":{"self":[{"href":"https:\/\/www.cwt-tatws.co.uk\/cy\/wp-json\/wp\/v2\/product\/92863","targetHints":{"allow":["GET"]}}],"collection":[{"href":"https:\/\/www.cwt-tatws.co.uk\/cy\/wp-json\/wp\/v2\/product"}],"about":[{"href":"https:\/\/www.cwt-tatws.co.uk\/cy\/wp-json\/wp\/v2\/types\/product"}],"replies":[{"embeddable":true,"href":"https:\/\/www.cwt-tatws.co.uk\/cy\/wp-json\/wp\/v2\/comments?post=92863"}],"wp:featuredmedia":[{"embeddable":true,"href":"https:\/\/www.cwt-tatws.co.uk\/cy\/wp-json\/wp\/v2\/media\/92833"}],"wp:attachment":[{"href":"https:\/\/www.cwt-tatws.co.uk\/cy\/wp-json\/wp\/v2\/media?parent=92863"}],"wp:term":[{"taxonomy":"product_brand","embeddable":true,"href":"https:\/\/www.cwt-tatws.co.uk\/cy\/wp-json\/wp\/v2\/product_brand?post=92863"},{"taxonomy":"product_cat","embeddable":true,"href":"https:\/\/www.cwt-tatws.co.uk\/cy\/wp-json\/wp\/v2\/product_cat?post=92863"},{"taxonomy":"product_tag","embeddable":true,"href":"https:\/\/www.cwt-tatws.co.uk\/cy\/wp-json\/wp\/v2\/product_tag?post=92863"}],"curies":[{"name":"wp","href":"https:\/\/api.w.org\/{rel}","templated":true}]}}